{"id":1145,"date":"2014-03-30T11:40:27","date_gmt":"2014-03-30T11:40:27","guid":{"rendered":"http:\/\/kirmes-langenbieber.de\/?page_id=1145"},"modified":"2014-04-08T16:43:56","modified_gmt":"2014-04-08T16:43:56","slug":"kraenze-wickeln-2013","status":"publish","type":"page","link":"http:\/\/kirmes-langenbieber.de\/index.php\/kraenze-wickeln-2013\/","title":{"rendered":"Kr\u00e4nze wickeln 2013"},"content":{"rendered":"<p>W\u00e4hrend die Jungs sich um die Pflege und das Sch\u00e4len des Kirmesbaumes k\u00fcmmerten, wickelten unsere M\u00e4dels die Kr\u00e4nze f\u00fcr den Kirmesbaum.<\/p>\n<p style=\"text-align: center;\"><!-- default-view.php -->\n<div\n\tclass=\"ngg-galleryoverview default-view\n\t ngg-ajax-pagination-none\t\"\n\tid=\"ngg-gallery-ad0689b79fd57b6d5786905a46da2aee-1\">\n\n\t\t<!-- Thumbnails -->\n\t\t\t\t<div id=\"ngg-image-0\" class=\"ngg-gallery-thumbnail-box\n\t\t\t\t\t\t\t\tngg-4-columns\t\t\t\"\n\t\t\t>\n\t\t\t\t\t\t<div class=\"ngg-gallery-thumbnail\">\n\t\t\t<a href=\"http:\/\/kirmes-langenbieber.de\/wp-content\/gallery\/kraenze-wickeln\/P8240021.JPG\"\n\t\t\t\ttitle=\"\"\n\t\t\t\tdata-src=\"http:\/\/kirmes-langenbieber.de\/wp-content\/gallery\/kraenze-wickeln\/P8240021.JPG\"\n\t\t\t\tdata-thumbnail=\"http:\/\/kirmes-langenbieber.de\/wp-content\/gallery\/kraenze-wickeln\/thumbs\/thumbs_P8240021.JPG\"\n\t\t\t\tdata-image-id=\"756\"\n\t\t\t\tdata-title=\"OLYMPUS DIGITAL CAMERA\"\n\t\t\t\tdata-description=\"\"\n\t\t\t\tdata-image-slug=\"p8240021\"\n\t\t\t\tclass=\"shutterset_ad0689b79fd57b6d5786905a46da2aee\">\n\t\t\t\t<img\n\t\t\t\t\ttitle=\"OLYMPUS DIGITAL CAMERA\"\n\t\t\t\t\talt=\"OLYMPUS DIGITAL CAMERA\"\n\t\t\t\t\tsrc=\"http:\/\/kirmes-langenbieber.de\/wp-content\/gallery\/kraenze-wickeln\/thumbs\/thumbs_P8240021.JPG\"\n\t\t\t\t\twidth=\"100\"\n\t\t\t\t\theight=\"75\"\n\t\t\t\t\tstyle=\"max-width:100%;\"\n\t\t\t\t\/>\n\t\t\t<\/a>\n\t\t<\/div>\n\t\t\t\t\t\t\t<\/div>\n\t\t\t\n\t\t\t\t<div id=\"ngg-image-1\" class=\"ngg-gallery-thumbnail-box\n\t\t\t\t\t\t\t\tngg-4-columns\t\t\t\"\n\t\t\t>\n\t\t\t\t\t\t<div class=\"ngg-gallery-thumbnail\">\n\t\t\t<a href=\"http:\/\/kirmes-langenbieber.de\/wp-content\/gallery\/kraenze-wickeln\/P8240022.JPG\"\n\t\t\t\ttitle=\"\"\n\t\t\t\tdata-src=\"http:\/\/kirmes-langenbieber.de\/wp-content\/gallery\/kraenze-wickeln\/P8240022.JPG\"\n\t\t\t\tdata-thumbnail=\"http:\/\/kirmes-langenbieber.de\/wp-content\/gallery\/kraenze-wickeln\/thumbs\/thumbs_P8240022.JPG\"\n\t\t\t\tdata-image-id=\"757\"\n\t\t\t\tdata-title=\"OLYMPUS DIGITAL CAMERA\"\n\t\t\t\tdata-description=\"\"\n\t\t\t\tdata-image-slug=\"p8240022\"\n\t\t\t\tclass=\"shutterset_ad0689b79fd57b6d5786905a46da2aee\">\n\t\t\t\t<img\n\t\t\t\t\ttitle=\"OLYMPUS DIGITAL CAMERA\"\n\t\t\t\t\talt=\"OLYMPUS DIGITAL CAMERA\"\n\t\t\t\t\tsrc=\"http:\/\/kirmes-langenbieber.de\/wp-content\/gallery\/kraenze-wickeln\/thumbs\/thumbs_P8240022.JPG\"\n\t\t\t\t\twidth=\"100\"\n\t\t\t\t\theight=\"75\"\n\t\t\t\t\tstyle=\"max-width:100%;\"\n\t\t\t\t\/>\n\t\t\t<\/a>\n\t\t<\/div>\n\t\t\t\t\t\t\t<\/div>\n\t\t\t\n\t\t\t\t<div id=\"ngg-image-2\" class=\"ngg-gallery-thumbnail-box\n\t\t\t\t\t\t\t\tngg-4-columns\t\t\t\"\n\t\t\t>\n\t\t\t\t\t\t<div class=\"ngg-gallery-thumbnail\">\n\t\t\t<a href=\"http:\/\/kirmes-langenbieber.de\/wp-content\/gallery\/kraenze-wickeln\/P8240023.JPG\"\n\t\t\t\ttitle=\"\"\n\t\t\t\tdata-src=\"http:\/\/kirmes-langenbieber.de\/wp-content\/gallery\/kraenze-wickeln\/P8240023.JPG\"\n\t\t\t\tdata-thumbnail=\"http:\/\/kirmes-langenbieber.de\/wp-content\/gallery\/kraenze-wickeln\/thumbs\/thumbs_P8240023.JPG\"\n\t\t\t\tdata-image-id=\"758\"\n\t\t\t\tdata-title=\"OLYMPUS DIGITAL CAMERA\"\n\t\t\t\tdata-description=\"\"\n\t\t\t\tdata-image-slug=\"p8240023\"\n\t\t\t\tclass=\"shutterset_ad0689b79fd57b6d5786905a46da2aee\">\n\t\t\t\t<img\n\t\t\t\t\ttitle=\"OLYMPUS DIGITAL CAMERA\"\n\t\t\t\t\talt=\"OLYMPUS DIGITAL CAMERA\"\n\t\t\t\t\tsrc=\"http:\/\/kirmes-langenbieber.de\/wp-content\/gallery\/kraenze-wickeln\/thumbs\/thumbs_P8240023.JPG\"\n\t\t\t\t\twidth=\"100\"\n\t\t\t\t\theight=\"75\"\n\t\t\t\t\tstyle=\"max-width:100%;\"\n\t\t\t\t\/>\n\t\t\t<\/a>\n\t\t<\/div>\n\t\t\t\t\t\t\t<\/div>\n\t\t\t\n\t\t\t\t<div id=\"ngg-image-3\" class=\"ngg-gallery-thumbnail-box\n\t\t\t\t\t\t\t\tngg-4-columns\t\t\t\"\n\t\t\t>\n\t\t\t\t\t\t<div class=\"ngg-gallery-thumbnail\">\n\t\t\t<a href=\"http:\/\/kirmes-langenbieber.de\/wp-content\/gallery\/kraenze-wickeln\/P8240024.JPG\"\n\t\t\t\ttitle=\"\"\n\t\t\t\tdata-src=\"http:\/\/kirmes-langenbieber.de\/wp-content\/gallery\/kraenze-wickeln\/P8240024.JPG\"\n\t\t\t\tdata-thumbnail=\"http:\/\/kirmes-langenbieber.de\/wp-content\/gallery\/kraenze-wickeln\/thumbs\/thumbs_P8240024.JPG\"\n\t\t\t\tdata-image-id=\"759\"\n\t\t\t\tdata-title=\"OLYMPUS DIGITAL CAMERA\"\n\t\t\t\tdata-description=\"\"\n\t\t\t\tdata-image-slug=\"p8240024\"\n\t\t\t\tclass=\"shutterset_ad0689b79fd57b6d5786905a46da2aee\">\n\t\t\t\t<img\n\t\t\t\t\ttitle=\"OLYMPUS DIGITAL CAMERA\"\n\t\t\t\t\talt=\"OLYMPUS DIGITAL CAMERA\"\n\t\t\t\t\tsrc=\"http:\/\/kirmes-langenbieber.de\/wp-content\/gallery\/kraenze-wickeln\/thumbs\/thumbs_P8240024.JPG\"\n\t\t\t\t\twidth=\"100\"\n\t\t\t\t\theight=\"75\"\n\t\t\t\t\tstyle=\"max-width:100%;\"\n\t\t\t\t\/>\n\t\t\t<\/a>\n\t\t<\/div>\n\t\t\t\t\t\t\t<\/div>\n\t\t\t\n\t\t\t\t<div id=\"ngg-image-4\" class=\"ngg-gallery-thumbnail-box\n\t\t\t\t\t\t\t\tngg-4-columns\t\t\t\"\n\t\t\t>\n\t\t\t\t\t\t<div class=\"ngg-gallery-thumbnail\">\n\t\t\t<a href=\"http:\/\/kirmes-langenbieber.de\/wp-content\/gallery\/kraenze-wickeln\/P8240025.JPG\"\n\t\t\t\ttitle=\"\"\n\t\t\t\tdata-src=\"http:\/\/kirmes-langenbieber.de\/wp-content\/gallery\/kraenze-wickeln\/P8240025.JPG\"\n\t\t\t\tdata-thumbnail=\"http:\/\/kirmes-langenbieber.de\/wp-content\/gallery\/kraenze-wickeln\/thumbs\/thumbs_P8240025.JPG\"\n\t\t\t\tdata-image-id=\"760\"\n\t\t\t\tdata-title=\"OLYMPUS DIGITAL CAMERA\"\n\t\t\t\tdata-description=\"\"\n\t\t\t\tdata-image-slug=\"p8240025\"\n\t\t\t\tclass=\"shutterset_ad0689b79fd57b6d5786905a46da2aee\">\n\t\t\t\t<img\n\t\t\t\t\ttitle=\"OLYMPUS DIGITAL CAMERA\"\n\t\t\t\t\talt=\"OLYMPUS DIGITAL CAMERA\"\n\t\t\t\t\tsrc=\"http:\/\/kirmes-langenbieber.de\/wp-content\/gallery\/kraenze-wickeln\/thumbs\/thumbs_P8240025.JPG\"\n\t\t\t\t\twidth=\"100\"\n\t\t\t\t\theight=\"75\"\n\t\t\t\t\tstyle=\"max-width:100%;\"\n\t\t\t\t\/>\n\t\t\t<\/a>\n\t\t<\/div>\n\t\t\t\t\t\t\t<\/div>\n\t\t\t\n\t\t\t\t<div id=\"ngg-image-5\" class=\"ngg-gallery-thumbnail-box\n\t\t\t\t\t\t\t\tngg-4-columns\t\t\t\"\n\t\t\t>\n\t\t\t\t\t\t<div class=\"ngg-gallery-thumbnail\">\n\t\t\t<a href=\"http:\/\/kirmes-langenbieber.de\/wp-content\/gallery\/kraenze-wickeln\/P8240026.JPG\"\n\t\t\t\ttitle=\"\"\n\t\t\t\tdata-src=\"http:\/\/kirmes-langenbieber.de\/wp-content\/gallery\/kraenze-wickeln\/P8240026.JPG\"\n\t\t\t\tdata-thumbnail=\"http:\/\/kirmes-langenbieber.de\/wp-content\/gallery\/kraenze-wickeln\/thumbs\/thumbs_P8240026.JPG\"\n\t\t\t\tdata-image-id=\"761\"\n\t\t\t\tdata-title=\"OLYMPUS DIGITAL CAMERA\"\n\t\t\t\tdata-description=\"\"\n\t\t\t\tdata-image-slug=\"p8240026\"\n\t\t\t\tclass=\"shutterset_ad0689b79fd57b6d5786905a46da2aee\">\n\t\t\t\t<img\n\t\t\t\t\ttitle=\"OLYMPUS DIGITAL CAMERA\"\n\t\t\t\t\talt=\"OLYMPUS DIGITAL CAMERA\"\n\t\t\t\t\tsrc=\"http:\/\/kirmes-langenbieber.de\/wp-content\/gallery\/kraenze-wickeln\/thumbs\/thumbs_P8240026.JPG\"\n\t\t\t\t\twidth=\"100\"\n\t\t\t\t\theight=\"75\"\n\t\t\t\t\tstyle=\"max-width:100%;\"\n\t\t\t\t\/>\n\t\t\t<\/a>\n\t\t<\/div>\n\t\t\t\t\t\t\t<\/div>\n\t\t\t\n\t\t\t\t<div id=\"ngg-image-6\" class=\"ngg-gallery-thumbnail-box\n\t\t\t\t\t\t\t\tngg-4-columns\t\t\t\"\n\t\t\t>\n\t\t\t\t\t\t<div class=\"ngg-gallery-thumbnail\">\n\t\t\t<a href=\"http:\/\/kirmes-langenbieber.de\/wp-content\/gallery\/kraenze-wickeln\/P8240027.JPG\"\n\t\t\t\ttitle=\"\"\n\t\t\t\tdata-src=\"http:\/\/kirmes-langenbieber.de\/wp-content\/gallery\/kraenze-wickeln\/P8240027.JPG\"\n\t\t\t\tdata-thumbnail=\"http:\/\/kirmes-langenbieber.de\/wp-content\/gallery\/kraenze-wickeln\/thumbs\/thumbs_P8240027.JPG\"\n\t\t\t\tdata-image-id=\"762\"\n\t\t\t\tdata-title=\"OLYMPUS DIGITAL CAMERA\"\n\t\t\t\tdata-description=\"\"\n\t\t\t\tdata-image-slug=\"p8240027\"\n\t\t\t\tclass=\"shutterset_ad0689b79fd57b6d5786905a46da2aee\">\n\t\t\t\t<img\n\t\t\t\t\ttitle=\"OLYMPUS DIGITAL CAMERA\"\n\t\t\t\t\talt=\"OLYMPUS DIGITAL CAMERA\"\n\t\t\t\t\tsrc=\"http:\/\/kirmes-langenbieber.de\/wp-content\/gallery\/kraenze-wickeln\/thumbs\/thumbs_P8240027.JPG\"\n\t\t\t\t\twidth=\"100\"\n\t\t\t\t\theight=\"75\"\n\t\t\t\t\tstyle=\"max-width:100%;\"\n\t\t\t\t\/>\n\t\t\t<\/a>\n\t\t<\/div>\n\t\t\t\t\t\t\t<\/div>\n\t\t\t\n\t\n\t<br style=\"clear: both\" \/>\n\n\t\n\t\t<!-- Pagination -->\n\t\t<div class='ngg-clear'><\/div>\t<\/div>\n<\/p>\n","protected":false},"excerpt":{"rendered":"<p>W\u00e4hrend die Jungs sich um die Pflege und das Sch\u00e4len des Kirmesbaumes k\u00fcmmerten, wickelten unsere M\u00e4dels die Kr\u00e4nze f\u00fcr den Kirmesbaum.<\/p>\n","protected":false},"author":1,"featured_media":0,"parent":0,"menu_order":0,"comment_status":"closed","ping_status":"closed","template":"","meta":{"ngg_post_thumbnail":0,"footnotes":""},"class_list":["post-1145","page","type-page","status-publish","hentry"],"_links":{"self":[{"href":"http:\/\/kirmes-langenbieber.de\/index.php\/wp-json\/wp\/v2\/pages\/1145","targetHints":{"allow":["GET"]}}],"collection":[{"href":"http:\/\/kirmes-langenbieber.de\/index.php\/wp-json\/wp\/v2\/pages"}],"about":[{"href":"http:\/\/kirmes-langenbieber.de\/index.php\/wp-json\/wp\/v2\/types\/page"}],"author":[{"embeddable":true,"href":"http:\/\/kirmes-langenbieber.de\/index.php\/wp-json\/wp\/v2\/users\/1"}],"replies":[{"embeddable":true,"href":"http:\/\/kirmes-langenbieber.de\/index.php\/wp-json\/wp\/v2\/comments?post=1145"}],"version-history":[{"count":0,"href":"http:\/\/kirmes-langenbieber.de\/index.php\/wp-json\/wp\/v2\/pages\/1145\/revisions"}],"wp:attachment":[{"href":"http:\/\/kirmes-langenbieber.de\/index.php\/wp-json\/wp\/v2\/media?parent=1145"}],"curies":[{"name":"wp","href":"https:\/\/api.w.org\/{rel}","templated":true}]}}