{"id":37,"date":"2013-04-26T19:33:46","date_gmt":"2013-04-26T19:33:46","guid":{"rendered":"http:\/\/kirmes-langenbieber.de\/?page_id=37"},"modified":"2013-04-26T19:34:51","modified_gmt":"2013-04-26T19:34:51","slug":"kirmes-2011","status":"publish","type":"page","link":"http:\/\/kirmes-langenbieber.de\/index.php\/kirmes-2011\/","title":{"rendered":"Kirmes 2011"},"content":{"rendered":"<p>In 2011 feierten wir die letzte Kirmes.<\/p>\n<p>Doch vorher galt es einiges zu organisieren und aufzubauen.<\/p>\n<p>Deshalb m\u00f6chten wir Danke sagen an alle, die uns unterst\u00fctzt haben und erm\u00f6glicht haben, dass wir eine legend\u00e4re Kirmes feiern konnten.<\/p>\n<p>Ebenfalls Danke an alle, die uns hinter und auch VOR der Theke unterst\u00fctzt haben \ud83d\ude42<\/p>\n","protected":false},"excerpt":{"rendered":"<p>In 2011 feierten wir die letzte Kirmes. Doch vorher galt es einiges zu organisieren und aufzubauen. Deshalb m\u00f6chten wir Danke sagen an alle, die uns unterst\u00fctzt haben und erm\u00f6glicht haben, dass wir eine legend\u00e4re Kirmes feiern konnten. Ebenfalls Danke an &hellip; <a href=\"http:\/\/kirmes-langenbieber.de\/index.php\/kirmes-2011\/\">Weiterlesen <span class=\"meta-nav\">&rarr;<\/span><\/a><\/p>\n","protected":false},"author":1,"featured_media":0,"parent":0,"menu_order":0,"comment_status":"closed","ping_status":"closed","template":"","meta":{"ngg_post_thumbnail":0,"footnotes":""},"class_list":["post-37","page","type-page","status-publish","hentry"],"_links":{"self":[{"href":"http:\/\/kirmes-langenbieber.de\/index.php\/wp-json\/wp\/v2\/pages\/37","targetHints":{"allow":["GET"]}}],"collection":[{"href":"http:\/\/kirmes-langenbieber.de\/index.php\/wp-json\/wp\/v2\/pages"}],"about":[{"href":"http:\/\/kirmes-langenbieber.de\/index.php\/wp-json\/wp\/v2\/types\/page"}],"author":[{"embeddable":true,"href":"http:\/\/kirmes-langenbieber.de\/index.php\/wp-json\/wp\/v2\/users\/1"}],"replies":[{"embeddable":true,"href":"http:\/\/kirmes-langenbieber.de\/index.php\/wp-json\/wp\/v2\/comments?post=37"}],"version-history":[{"count":0,"href":"http:\/\/kirmes-langenbieber.de\/index.php\/wp-json\/wp\/v2\/pages\/37\/revisions"}],"wp:attachment":[{"href":"http:\/\/kirmes-langenbieber.de\/index.php\/wp-json\/wp\/v2\/media?parent=37"}],"curies":[{"name":"wp","href":"https:\/\/api.w.org\/{rel}","templated":true}]}}