{"id":60,"date":"2013-04-26T20:12:54","date_gmt":"2013-04-26T20:12:54","guid":{"rendered":"http:\/\/kirmes-langenbieber.de\/?page_id=60"},"modified":"2013-04-26T20:12:54","modified_gmt":"2013-04-26T20:12:54","slug":"kranze-wickeln-2011","status":"publish","type":"page","link":"http:\/\/kirmes-langenbieber.de\/index.php\/kranze-wickeln-2011\/","title":{"rendered":"Kr\u00e4nze wickeln 2011"},"content":{"rendered":"<p>F\u00fcr den sch\u00f6nsten Kirmesbaum braucht man nat\u00fcrlich noch &#8230;<\/p>\n<p style=\"text-align: center;\"><strong>!! KR\u00c4NZE !!<\/strong><\/p>\n<p style=\"text-align: left;\">Hierf\u00fcr ist Frauenpower gefragt.<\/p>\n<p style=\"text-align: left;\">Aber seht selbst &#8230;<\/p>\n<p style=\"text-align: left;\">ngg_shortcode_0_placeholder<\/p>\n<p>&nbsp;<\/p>\n","protected":false},"excerpt":{"rendered":"<p>F\u00fcr den sch\u00f6nsten Kirmesbaum braucht man nat\u00fcrlich noch &#8230; !! KR\u00c4NZE !! Hierf\u00fcr ist Frauenpower gefragt. Aber seht selbst &#8230; &nbsp;<\/p>\n","protected":false},"author":1,"featured_media":0,"parent":0,"menu_order":0,"comment_status":"closed","ping_status":"closed","template":"","meta":{"ngg_post_thumbnail":0,"footnotes":""},"class_list":["post-60","page","type-page","status-publish","hentry"],"_links":{"self":[{"href":"http:\/\/kirmes-langenbieber.de\/index.php\/wp-json\/wp\/v2\/pages\/60","targetHints":{"allow":["GET"]}}],"collection":[{"href":"http:\/\/kirmes-langenbieber.de\/index.php\/wp-json\/wp\/v2\/pages"}],"about":[{"href":"http:\/\/kirmes-langenbieber.de\/index.php\/wp-json\/wp\/v2\/types\/page"}],"author":[{"embeddable":true,"href":"http:\/\/kirmes-langenbieber.de\/index.php\/wp-json\/wp\/v2\/users\/1"}],"replies":[{"embeddable":true,"href":"http:\/\/kirmes-langenbieber.de\/index.php\/wp-json\/wp\/v2\/comments?post=60"}],"version-history":[{"count":0,"href":"http:\/\/kirmes-langenbieber.de\/index.php\/wp-json\/wp\/v2\/pages\/60\/revisions"}],"wp:attachment":[{"href":"http:\/\/kirmes-langenbieber.de\/index.php\/wp-json\/wp\/v2\/media?parent=60"}],"curies":[{"name":"wp","href":"https:\/\/api.w.org\/{rel}","templated":true}]}}